{"id":40097,"date":"2024-09-11T20:29:27","date_gmt":"2024-09-11T18:29:27","guid":{"rendered":"https:\/\/bodenbusinesspark.com\/technical-visits\/"},"modified":"2024-09-16T10:35:11","modified_gmt":"2024-09-16T08:35:11","slug":"technical-visits","status":"publish","type":"page","link":"https:\/\/bodenbusinesspark.com\/en\/technical-visits\/","title":{"rendered":"Technical visits"},"content":{"rendered":"\t\t<div data-elementor-type=\"wp-page\" data-elementor-id=\"40097\" class=\"elementor elementor-40097 elementor-39991\" data-elementor-post-type=\"page\">\n\t\t\t\t\t\t<section class=\"elementor-section elementor-top-section elementor-element elementor-element-21fd8c5 elementor-section-boxed elementor-section-height-default elementor-section-height-default\" data-id=\"21fd8c5\" data-element_type=\"section\" data-e-type=\"section\">\n\t\t\t\t\t\t<div class=\"elementor-container elementor-column-gap-default\">\n\t\t\t\t\t<div class=\"elementor-column elementor-col-100 elementor-top-column elementor-element elementor-element-282acd3\" data-id=\"282acd3\" data-element_type=\"column\" data-e-type=\"column\">\n\t\t\t<div class=\"elementor-widget-wrap elementor-element-populated\">\n\t\t\t\t\t\t<div class=\"elementor-element elementor-element-505f94a elementor-widget elementor-widget-text-editor\" data-id=\"505f94a\" data-element_type=\"widget\" data-e-type=\"widget\" data-widget_type=\"text-editor.default\">\n\t\t\t\t<div class=\"elementor-widget-container\">\n\t\t\t\t\t\t\t\t\t<p>\n            <b>Technical visits<\/b>\n          <\/p>\n\t\t\t\t\t\t\t\t<\/div>\n\t\t\t\t<\/div>\n\t\t\t\t<div class=\"elementor-element elementor-element-95e41da elementor-widget elementor-widget-heading\" data-id=\"95e41da\" data-element_type=\"widget\" data-e-type=\"widget\" data-widget_type=\"heading.default\">\n\t\t\t\t<div class=\"elementor-widget-container\">\n\t\t\t\t\t<h2 class=\"elementor-heading-title elementor-size-default\">Book a study visit<\/h2>\t\t\t\t<\/div>\n\t\t\t\t<\/div>\n\t\t\t\t<div class=\"elementor-element elementor-element-d002c3a elementor-widget elementor-widget-text-editor\" data-id=\"d002c3a\" data-element_type=\"widget\" data-e-type=\"widget\" data-widget_type=\"text-editor.default\">\n\t\t\t\t<div class=\"elementor-widget-container\">\n\t\t\t\t\t\t\t\t\t<p style=\"font-weight: 400;\">Are you curious about Boden&#8217;s green transition and want to know more about all the exciting things happening here?<br \/>\nThen you can send a booking request to make a study visit. <\/p>\n\t\t\t\t\t\t\t\t<\/div>\n\t\t\t\t<\/div>\n\t\t\t\t<section class=\"elementor-section elementor-inner-section elementor-element elementor-element-203a3ac elementor-section-boxed elementor-section-height-default elementor-section-height-default\" data-id=\"203a3ac\" data-element_type=\"section\" data-e-type=\"section\" data-settings=\"{&quot;background_background&quot;:&quot;classic&quot;}\">\n\t\t\t\t\t\t<div class=\"elementor-container elementor-column-gap-default\">\n\t\t\t\t\t<div class=\"elementor-column elementor-col-100 elementor-inner-column elementor-element elementor-element-945365a\" data-id=\"945365a\" data-element_type=\"column\" data-e-type=\"column\">\n\t\t\t<div class=\"elementor-widget-wrap elementor-element-populated\">\n\t\t\t\t\t\t<div class=\"elementor-element elementor-element-8086499 elementor-widget elementor-widget-heading\" data-id=\"8086499\" data-element_type=\"widget\" data-e-type=\"widget\" data-widget_type=\"heading.default\">\n\t\t\t\t<div class=\"elementor-widget-container\">\n\t\t\t\t\t<h2 class=\"elementor-heading-title elementor-size-default\">Terms and conditions<\/h2>\t\t\t\t<\/div>\n\t\t\t\t<\/div>\n\t\t\t\t<div class=\"elementor-element elementor-element-6d80f21 elementor-widget-divider--view-line elementor-widget elementor-widget-divider\" data-id=\"6d80f21\" data-element_type=\"widget\" data-e-type=\"widget\" data-widget_type=\"divider.default\">\n\t\t\t\t<div class=\"elementor-widget-container\">\n\t\t\t\t\t\t\t<div class=\"elementor-divider\">\n\t\t\t<span class=\"elementor-divider-separator\">\n\t\t\t\t\t\t<\/span>\n\t\t<\/div>\n\t\t\t\t\t\t<\/div>\n\t\t\t\t<\/div>\n\t\t\t\t<div class=\"elementor-element elementor-element-1e40c1c elementor-widget elementor-widget-text-editor\" data-id=\"1e40c1c\" data-element_type=\"widget\" data-e-type=\"widget\" data-widget_type=\"text-editor.default\">\n\t\t\t\t<div class=\"elementor-widget-container\">\n\t\t\t\t\t\t\t\t\t<ul>\n<li>We need your booking request <strong>at least 6 weeks before the desired date<\/strong>.<\/li>\n<li>We will do our best to put together a program according to your wishes, but a booking request does not automatically mean that we are able to receive you.<br \/>\nWe accept visits during the working week Monday to Friday, subject to time and resources. <\/li>\n<li>There may be additional costs for those study visits that are subject to a fee.<\/li>\n<li>Meals, transportation and accommodation are the responsibility of visitors to book themselves.<\/li>\n<li>For groups of more\/larger than 10 participants, the cost of the venue is booked and paid by the visitor.<\/li>\n<\/ul>\n\t\t\t\t\t\t\t\t<\/div>\n\t\t\t\t<\/div>\n\t\t\t\t\t<\/div>\n\t\t<\/div>\n\t\t\t\t\t<\/div>\n\t\t<\/section>\n\t\t\t\t<div class=\"elementor-element elementor-element-de27e6d elementor-button-align-stretch elementor-widget elementor-widget-form\" data-id=\"de27e6d\" data-element_type=\"widget\" data-e-type=\"widget\" data-settings=\"{&quot;step_previous_label&quot;:&quot;Previous&quot;,&quot;button_width&quot;:&quot;100&quot;,&quot;step_type&quot;:&quot;number_text&quot;,&quot;step_icon_shape&quot;:&quot;circle&quot;}\" data-widget_type=\"form.default\">\n\t\t\t\t<div class=\"elementor-widget-container\">\n\t\t\t\t\t\t\t<form class=\"elementor-form\" method=\"post\" name=\"New form\" aria-label=\"New form\">\n\t\t\t<input type=\"hidden\" name=\"post_id\" value=\"40097\"\/>\n\t\t\t<input type=\"hidden\" name=\"form_id\" value=\"de27e6d\"\/>\n\t\t\t<input type=\"hidden\" name=\"referer_title\" value=\"Technical visits - Boden Business Park\" \/>\n\n\t\t\t\t\t\t\t<input type=\"hidden\" name=\"queried_id\" value=\"40097\"\/>\n\t\t\t\n\t\t\t<div class=\"elementor-form-fields-wrapper elementor-labels-above\">\n\t\t\t\t\t\t\t\t<div class=\"elementor-field-type-text elementor-field-group elementor-column elementor-field-group-Organisation elementor-col-100 elementor-field-required elementor-mark-required\">\n\t\t\t\t\t\t\t\t\t\t\t\t<label for=\"form-field-Organisation\" class=\"elementor-field-label\">\n\t\t\t\t\t\t\t\tWhich organization do you belong to?\t\t\t\t\t\t\t<\/label>\n\t\t\t\t\t\t\t\t\t\t\t\t\t\t<input size=\"1\" type=\"text\" name=\"form_fields[Organisation]\" id=\"form-field-Organisation\" class=\"elementor-field elementor-size-sm  elementor-field-textual\" required=\"required\">\n\t\t\t\t\t\t\t\t\t\t\t<\/div>\n\t\t\t\t\t\t\t\t<div class=\"elementor-field-type-text elementor-field-group elementor-column elementor-field-group-kontakt elementor-col-100\">\n\t\t\t\t\t\t\t\t\t\t\t\t<label for=\"form-field-kontakt\" class=\"elementor-field-label\">\n\t\t\t\t\t\t\t\tContact person name:\t\t\t\t\t\t\t<\/label>\n\t\t\t\t\t\t\t\t\t\t\t\t\t\t<input size=\"1\" type=\"text\" name=\"form_fields[kontakt]\" id=\"form-field-kontakt\" class=\"elementor-field elementor-size-sm  elementor-field-textual\">\n\t\t\t\t\t\t\t\t\t\t\t<\/div>\n\t\t\t\t\t\t\t\t<div class=\"elementor-field-type-email elementor-field-group elementor-column elementor-field-group-email elementor-col-50 elementor-field-required elementor-mark-required\">\n\t\t\t\t\t\t\t\t\t\t\t\t<label for=\"form-field-email\" class=\"elementor-field-label\">\n\t\t\t\t\t\t\t\tE-mail\t\t\t\t\t\t\t<\/label>\n\t\t\t\t\t\t\t\t\t\t\t\t\t\t<input size=\"1\" type=\"email\" name=\"form_fields[email]\" id=\"form-field-email\" class=\"elementor-field elementor-size-sm  elementor-field-textual\" placeholder=\"E-mail\" required=\"required\">\n\t\t\t\t\t\t\t\t\t\t\t<\/div>\n\t\t\t\t\t\t\t\t<div class=\"elementor-field-type-text elementor-field-group elementor-column elementor-field-group-Telefonnummer elementor-col-50 elementor-field-required elementor-mark-required\">\n\t\t\t\t\t\t\t\t\t\t\t\t<label for=\"form-field-Telefonnummer\" class=\"elementor-field-label\">\n\t\t\t\t\t\t\t\tTelephone number\t\t\t\t\t\t\t<\/label>\n\t\t\t\t\t\t\t\t\t\t\t\t\t\t<input size=\"1\" type=\"text\" name=\"form_fields[Telefonnummer]\" id=\"form-field-Telefonnummer\" class=\"elementor-field elementor-size-sm  elementor-field-textual\" required=\"required\">\n\t\t\t\t\t\t\t\t\t\t\t<\/div>\n\t\t\t\t\t\t\t\t<div class=\"elementor-field-type-textarea elementor-field-group elementor-column elementor-field-group-Fritext elementor-col-100\">\n\t\t\t\t\t\t\t\t\t\t\t\t<label for=\"form-field-Fritext\" class=\"elementor-field-label\">\n\t\t\t\t\t\t\t\tFree text:\t\t\t\t\t\t\t<\/label>\n\t\t\t\t\t\t<textarea class=\"elementor-field-textual elementor-field  elementor-size-sm\" name=\"form_fields[Fritext]\" id=\"form-field-Fritext\" rows=\"4\"><\/textarea>\t\t\t\t<\/div>\n\t\t\t\t\t\t\t\t<div class=\"elementor-field-type-textarea elementor-field-group elementor-column elementor-field-group-field_c868a50 elementor-col-100\">\n\t\t\t\t\t\t\t\t\t\t\t\t<label for=\"form-field-field_c868a50\" class=\"elementor-field-label\">\n\t\t\t\t\t\t\t\tWhat are you interested in seeing on the study visit?\n\/ What are you curious about? \t\t\t\t\t\t\t<\/label>\n\t\t\t\t\t\t<textarea class=\"elementor-field-textual elementor-field  elementor-size-sm\" name=\"form_fields[field_c868a50]\" id=\"form-field-field_c868a50\" rows=\"3\" placeholder=\"e.g.\nUrban planning and housing, education, projects, the green transition, etc. \"><\/textarea>\t\t\t\t<\/div>\n\t\t\t\t\t\t\t\t<div class=\"elementor-field-type-textarea elementor-field-group elementor-column elementor-field-group-field_a431da2 elementor-col-100\">\n\t\t\t\t\t\t\t\t\t\t\t\t<label for=\"form-field-field_a431da2\" class=\"elementor-field-label\">\n\t\t\t\t\t\t\t\tWhat do you hope to get out of the visit and take home with you?\t\t\t\t\t\t\t<\/label>\n\t\t\t\t\t\t<textarea class=\"elementor-field-textual elementor-field  elementor-size-sm\" name=\"form_fields[field_a431da2]\" id=\"form-field-field_a431da2\" rows=\"3\"><\/textarea>\t\t\t\t<\/div>\n\t\t\t\t\t\t\t\t<div class=\"elementor-field-type-textarea elementor-field-group elementor-column elementor-field-group-field_5cc0061 elementor-col-100\">\n\t\t\t\t\t\t\t\t\t\t\t\t<label for=\"form-field-field_5cc0061\" class=\"elementor-field-label\">\n\t\t\t\t\t\t\t\tDo you have experiences in the areas of your activity that you could share with us?\nIf so, please describe. \t\t\t\t\t\t\t<\/label>\n\t\t\t\t\t\t<textarea class=\"elementor-field-textual elementor-field  elementor-size-sm\" name=\"form_fields[field_5cc0061]\" id=\"form-field-field_5cc0061\" rows=\"4\"><\/textarea>\t\t\t\t<\/div>\n\t\t\t\t\t\t\t\t<div class=\"elementor-field-type-textarea elementor-field-group elementor-column elementor-field-group-field_c32ac23 elementor-col-100\">\n\t\t\t\t\t\t\t\t\t\t\t\t<label for=\"form-field-field_c32ac23\" class=\"elementor-field-label\">\n\t\t\t\t\t\t\t\tWhen would you like to visit us?  \t\t\t\t\t\t\t<\/label>\n\t\t\t\t\t\t<textarea class=\"elementor-field-textual elementor-field  elementor-size-sm\" name=\"form_fields[field_c32ac23]\" id=\"form-field-field_c32ac23\" rows=\"2\" placeholder=\"Please indicate several options\"><\/textarea>\t\t\t\t<\/div>\n\t\t\t\t\t\t\t\t<div class=\"elementor-field-type-textarea elementor-field-group elementor-column elementor-field-group-field_27901ec elementor-col-100\">\n\t\t\t\t\t\t\t\t\t\t\t\t<label for=\"form-field-field_27901ec\" class=\"elementor-field-label\">\n\t\t\t\t\t\t\t\tHow many are you?\t\t\t\t\t\t\t<\/label>\n\t\t\t\t\t\t<textarea class=\"elementor-field-textual elementor-field  elementor-size-sm\" name=\"form_fields[field_27901ec]\" id=\"form-field-field_27901ec\" rows=\"1\"><\/textarea>\t\t\t\t<\/div>\n\t\t\t\t\t\t\t\t<div class=\"elementor-field-type-textarea elementor-field-group elementor-column elementor-field-group-field_1383d11 elementor-col-100\">\n\t\t\t\t\t\t\t\t\t\t\t\t<label for=\"form-field-field_1383d11\" class=\"elementor-field-label\">\n\t\t\t\t\t\t\t\tAnything else we need to know?\t\t\t\t\t\t\t<\/label>\n\t\t\t\t\t\t<textarea class=\"elementor-field-textual elementor-field  elementor-size-sm\" name=\"form_fields[field_1383d11]\" id=\"form-field-field_1383d11\" rows=\"1\"><\/textarea>\t\t\t\t<\/div>\n\t\t\t\t\t\t\t\t<div class=\"elementor-field-type-recaptcha elementor-field-group elementor-column elementor-field-group-field_0828eed elementor-col-100\">\n\t\t\t\t\t<div class=\"elementor-field\" id=\"form-field-field_0828eed\"><div class=\"elementor-g-recaptcha\" data-sitekey=\"6Ld5AmAjAAAAAOxJjs1UZ2rpY2dQqT0Rr-NTYUgB\" data-type=\"v2_checkbox\" data-theme=\"light\" data-size=\"normal\"><\/div><\/div>\t\t\t\t<\/div>\n\t\t\t\t\t\t\t\t<div class=\"elementor-field-type-acceptance elementor-field-group elementor-column elementor-field-group-field_f828fce elementor-col-100 elementor-field-required elementor-mark-required\">\n\t\t\t\t\t\t\t\t\t\t\t\t<label for=\"form-field-field_f828fce\" class=\"elementor-field-label\">\n\t\t\t\t\t\t\t\tI accept the terms and conditions\t\t\t\t\t\t\t<\/label>\n\t\t\t\t\t\t\t\t<div class=\"elementor-field-subgroup\">\n\t\t\t<span class=\"elementor-field-option\">\n\t\t\t\t<input type=\"checkbox\" name=\"form_fields[field_f828fce]\" id=\"form-field-field_f828fce\" class=\"elementor-field elementor-size-sm  elementor-acceptance-field\" required=\"required\">\n\t\t\t\t<label for=\"form-field-field_f828fce\">I agree that Boden Business Park may process my personal data for the purpose of communicating with you in accordance with the Boden Business Park Privacy Policy*<\/label>\t\t\t<\/span>\n\t\t<\/div>\n\t\t\t\t\t\t<\/div>\n\t\t\t\t\t\t\t\t<div class=\"elementor-field-type-html elementor-field-group elementor-column elementor-field-group-field_23c4483 elementor-col-100\">\n\t\t\t\t\tOBS! In order to best prepare and ensure an efficient and productive interaction, it is important that we receive a complete list of participants from you at least one week before your visit or cooperation.\nWe reserve the right to refuse groups that do not submit this information in time. \t\t\t\t<\/div>\n\t\t\t\t\t\t\t\t<div class=\"elementor-field-group elementor-column elementor-field-type-submit elementor-col-100 e-form__buttons\">\n\t\t\t\t\t<button class=\"elementor-button elementor-size-sm\" type=\"submit\">\n\t\t\t\t\t\t<span class=\"elementor-button-content-wrapper\">\n\t\t\t\t\t\t\t\t\t\t\t\t\t\t\t\t\t\t\t\t\t\t<span class=\"elementor-button-text\">Send<\/span>\n\t\t\t\t\t\t\t\t\t\t\t\t\t<\/span>\n\t\t\t\t\t<\/button>\n\t\t\t\t<\/div>\n\t\t\t<\/div>\n\t\t<\/form>\n\t\t\t\t\t\t<\/div>\n\t\t\t\t<\/div>\n\t\t\t\t\t<\/div>\n\t\t<\/div>\n\t\t\t\t\t<\/div>\n\t\t<\/section>\n\t\t\t\t<\/div>\n\t\t","protected":false},"excerpt":{"rendered":"<p>Are you curious about Boden&#8217;s green transition and want to know more about all the exciting things happening here?<br \/>\nThen you can send a booking request to make a study visit. <\/p>\n","protected":false},"author":21,"featured_media":0,"parent":0,"menu_order":0,"comment_status":"closed","ping_status":"closed","template":"","meta":{"_tec_requires_first_save":true,"_editorskit_title_hidden":false,"_editorskit_reading_time":0,"_editorskit_is_block_options_detached":false,"_editorskit_block_options_position":"{}","_price":"","_stock":"","_tribe_ticket_header":"","_tribe_default_ticket_provider":"","_tribe_ticket_capacity":"","_ticket_start_date":"","_ticket_end_date":"","_tribe_ticket_show_description":"","_tribe_ticket_show_not_going":false,"_tribe_ticket_use_global_stock":"","_tribe_ticket_global_stock_level":"","_global_stock_mode":"","_global_stock_cap":"","_tribe_rsvp_for_event":"","_tribe_ticket_going_count":"","_tribe_ticket_not_going_count":"","_tribe_tickets_list":"[]","_tribe_ticket_has_attendee_info_fields":false,"_EventAllDay":false,"_EventTimezone":"","_EventStartDate":"","_EventEndDate":"","_EventStartDateUTC":"","_EventEndDateUTC":"","_EventShowMap":false,"_EventShowMapLink":false,"_EventURL":"","_EventCost":"","_EventCostDescription":"","_EventCurrencySymbol":"","_EventCurrencyCode":"","_EventCurrencyPosition":"","_EventDateTimeSeparator":"","_EventTimeRangeSeparator":"","_EventOrganizerID":[],"_EventVenueID":[],"_OrganizerEmail":"","_OrganizerPhone":"","_OrganizerWebsite":"","_VenueAddress":"","_VenueCity":"","_VenueCountry":"","_VenueProvince":"","_VenueState":"","_VenueZip":"","_VenuePhone":"","_VenueURL":"","_VenueStateProvince":"","_VenueLat":"","_VenueLng":"","_VenueShowMap":false,"_VenueShowMapLink":false,"_tribe_blocks_recurrence_rules":"","_tribe_blocks_recurrence_description":"","_tribe_blocks_recurrence_exclusions":"","_ecp_custom_2":"","footnotes":"","_tec_slr_enabled":"","_tec_slr_layout":""},"class_list":["post-40097","page","type-page","status-publish","hentry"],"yoast_head":"<!-- This site is optimized with the Yoast SEO plugin v27.3 - https:\/\/yoast.com\/product\/yoast-seo-wordpress\/ -->\n<title>Technical visits - Boden Business Park<\/title>\n<meta name=\"robots\" content=\"index, follow, max-snippet:-1, max-image-preview:large, max-video-preview:-1\" \/>\n<link rel=\"canonical\" href=\"https:\/\/bodenbusinesspark.com\/en\/technical-visits\/\" \/>\n<meta property=\"og:locale\" content=\"en_US\" \/>\n<meta property=\"og:type\" content=\"article\" \/>\n<meta property=\"og:title\" content=\"Technical visits - Boden Business Park\" \/>\n<meta property=\"og:description\" content=\"Are you curious about Boden&#039;s green transition and want to know more about all the exciting things happening here? Then you can send a booking request to make a study visit.\" \/>\n<meta property=\"og:url\" content=\"https:\/\/bodenbusinesspark.com\/en\/technical-visits\/\" \/>\n<meta property=\"og:site_name\" content=\"Boden Business Park\" \/>\n<meta property=\"article:publisher\" content=\"https:\/\/www.facebook.com\/bodenbusinesspark\" \/>\n<meta property=\"article:modified_time\" content=\"2024-09-16T08:35:11+00:00\" \/>\n<meta property=\"og:image\" content=\"https:\/\/bodenbusinesspark.com\/wp-content\/uploads\/2022\/11\/hyr-lokal.webp\" \/>\n\t<meta property=\"og:image:width\" content=\"1200\" \/>\n\t<meta property=\"og:image:height\" content=\"800\" \/>\n\t<meta property=\"og:image:type\" content=\"image\/webp\" \/>\n<meta name=\"twitter:card\" content=\"summary_large_image\" \/>\n<meta name=\"twitter:label1\" content=\"Est. reading time\" \/>\n\t<meta name=\"twitter:data1\" content=\"1 minute\" \/>\n<script type=\"application\/ld+json\" class=\"yoast-schema-graph\">{\"@context\":\"https:\\\/\\\/schema.org\",\"@graph\":[{\"@type\":\"WebPage\",\"@id\":\"https:\\\/\\\/bodenbusinesspark.com\\\/en\\\/technical-visits\\\/\",\"url\":\"https:\\\/\\\/bodenbusinesspark.com\\\/en\\\/technical-visits\\\/\",\"name\":\"Technical visits - Boden Business Park\",\"isPartOf\":{\"@id\":\"https:\\\/\\\/bodenbusinesspark.com\\\/#website\"},\"datePublished\":\"2024-09-11T18:29:27+00:00\",\"dateModified\":\"2024-09-16T08:35:11+00:00\",\"inLanguage\":\"en-US\",\"potentialAction\":[{\"@type\":\"ReadAction\",\"target\":[\"https:\\\/\\\/bodenbusinesspark.com\\\/en\\\/technical-visits\\\/\"]}]},{\"@type\":\"WebSite\",\"@id\":\"https:\\\/\\\/bodenbusinesspark.com\\\/#website\",\"url\":\"https:\\\/\\\/bodenbusinesspark.com\\\/\",\"name\":\"Boden Business Park\",\"description\":\"Vi \u00e4r m\u00f6jligg\u00f6rare\",\"publisher\":{\"@id\":\"https:\\\/\\\/bodenbusinesspark.com\\\/#organization\"},\"potentialAction\":[{\"@type\":\"SearchAction\",\"target\":{\"@type\":\"EntryPoint\",\"urlTemplate\":\"https:\\\/\\\/bodenbusinesspark.com\\\/?s={search_term_string}\"},\"query-input\":{\"@type\":\"PropertyValueSpecification\",\"valueRequired\":true,\"valueName\":\"search_term_string\"}}],\"inLanguage\":\"en-US\"},{\"@type\":\"Organization\",\"@id\":\"https:\\\/\\\/bodenbusinesspark.com\\\/#organization\",\"name\":\"Boden Business Park\",\"url\":\"https:\\\/\\\/bodenbusinesspark.com\\\/\",\"logo\":{\"@type\":\"ImageObject\",\"inLanguage\":\"en-US\",\"@id\":\"https:\\\/\\\/bodenbusinesspark.com\\\/#\\\/schema\\\/logo\\\/image\\\/\",\"url\":\"https:\\\/\\\/bodenbusinesspark.com\\\/wp-content\\\/uploads\\\/2022\\\/10\\\/bbp.png\",\"contentUrl\":\"https:\\\/\\\/bodenbusinesspark.com\\\/wp-content\\\/uploads\\\/2022\\\/10\\\/bbp.png\",\"width\":354,\"height\":136,\"caption\":\"Boden Business Park\"},\"image\":{\"@id\":\"https:\\\/\\\/bodenbusinesspark.com\\\/#\\\/schema\\\/logo\\\/image\\\/\"},\"sameAs\":[\"https:\\\/\\\/www.facebook.com\\\/bodenbusinesspark\",\"https:\\\/\\\/www.linkedin.com\\\/company\\\/boden-business-park\\\/\"]}]}<\/script>\n<!-- \/ Yoast SEO plugin. -->","yoast_head_json":{"title":"Technical visits - Boden Business Park","robots":{"index":"index","follow":"follow","max-snippet":"max-snippet:-1","max-image-preview":"max-image-preview:large","max-video-preview":"max-video-preview:-1"},"canonical":"https:\/\/bodenbusinesspark.com\/en\/technical-visits\/","og_locale":"en_US","og_type":"article","og_title":"Technical visits - Boden Business Park","og_description":"Are you curious about Boden's green transition and want to know more about all the exciting things happening here? Then you can send a booking request to make a study visit.","og_url":"https:\/\/bodenbusinesspark.com\/en\/technical-visits\/","og_site_name":"Boden Business Park","article_publisher":"https:\/\/www.facebook.com\/bodenbusinesspark","article_modified_time":"2024-09-16T08:35:11+00:00","og_image":[{"width":1200,"height":800,"url":"https:\/\/bodenbusinesspark.com\/wp-content\/uploads\/2022\/11\/hyr-lokal.webp","type":"image\/webp"}],"twitter_card":"summary_large_image","twitter_misc":{"Est. reading time":"1 minute"},"schema":{"@context":"https:\/\/schema.org","@graph":[{"@type":"WebPage","@id":"https:\/\/bodenbusinesspark.com\/en\/technical-visits\/","url":"https:\/\/bodenbusinesspark.com\/en\/technical-visits\/","name":"Technical visits - Boden Business Park","isPartOf":{"@id":"https:\/\/bodenbusinesspark.com\/#website"},"datePublished":"2024-09-11T18:29:27+00:00","dateModified":"2024-09-16T08:35:11+00:00","inLanguage":"en-US","potentialAction":[{"@type":"ReadAction","target":["https:\/\/bodenbusinesspark.com\/en\/technical-visits\/"]}]},{"@type":"WebSite","@id":"https:\/\/bodenbusinesspark.com\/#website","url":"https:\/\/bodenbusinesspark.com\/","name":"Boden Business Park","description":"Vi \u00e4r m\u00f6jligg\u00f6rare","publisher":{"@id":"https:\/\/bodenbusinesspark.com\/#organization"},"potentialAction":[{"@type":"SearchAction","target":{"@type":"EntryPoint","urlTemplate":"https:\/\/bodenbusinesspark.com\/?s={search_term_string}"},"query-input":{"@type":"PropertyValueSpecification","valueRequired":true,"valueName":"search_term_string"}}],"inLanguage":"en-US"},{"@type":"Organization","@id":"https:\/\/bodenbusinesspark.com\/#organization","name":"Boden Business Park","url":"https:\/\/bodenbusinesspark.com\/","logo":{"@type":"ImageObject","inLanguage":"en-US","@id":"https:\/\/bodenbusinesspark.com\/#\/schema\/logo\/image\/","url":"https:\/\/bodenbusinesspark.com\/wp-content\/uploads\/2022\/10\/bbp.png","contentUrl":"https:\/\/bodenbusinesspark.com\/wp-content\/uploads\/2022\/10\/bbp.png","width":354,"height":136,"caption":"Boden Business Park"},"image":{"@id":"https:\/\/bodenbusinesspark.com\/#\/schema\/logo\/image\/"},"sameAs":["https:\/\/www.facebook.com\/bodenbusinesspark","https:\/\/www.linkedin.com\/company\/boden-business-park\/"]}]}},"ticketed":false,"_links":{"self":[{"href":"https:\/\/bodenbusinesspark.com\/en\/wp-json\/wp\/v2\/pages\/40097","targetHints":{"allow":["GET"]}}],"collection":[{"href":"https:\/\/bodenbusinesspark.com\/en\/wp-json\/wp\/v2\/pages"}],"about":[{"href":"https:\/\/bodenbusinesspark.com\/en\/wp-json\/wp\/v2\/types\/page"}],"author":[{"embeddable":true,"href":"https:\/\/bodenbusinesspark.com\/en\/wp-json\/wp\/v2\/users\/21"}],"replies":[{"embeddable":true,"href":"https:\/\/bodenbusinesspark.com\/en\/wp-json\/wp\/v2\/comments?post=40097"}],"version-history":[{"count":1,"href":"https:\/\/bodenbusinesspark.com\/en\/wp-json\/wp\/v2\/pages\/40097\/revisions"}],"predecessor-version":[{"id":40098,"href":"https:\/\/bodenbusinesspark.com\/en\/wp-json\/wp\/v2\/pages\/40097\/revisions\/40098"}],"wp:attachment":[{"href":"https:\/\/bodenbusinesspark.com\/en\/wp-json\/wp\/v2\/media?parent=40097"}],"curies":[{"name":"wp","href":"https:\/\/api.w.org\/{rel}","templated":true}]}}