{"id":16510,"date":"2022-10-11T11:47:03","date_gmt":"2022-10-11T09:47:03","guid":{"rendered":"https:\/\/bodenbusinesspark.com\/privacy-policy\/"},"modified":"2025-03-10T08:52:32","modified_gmt":"2025-03-10T07:52:32","slug":"privacy-policy","status":"publish","type":"page","link":"https:\/\/bodenbusinesspark.com\/en\/privacy-policy\/","title":{"rendered":"Privacy Policy"},"content":{"rendered":"\t\t<div data-elementor-type=\"wp-page\" data-elementor-id=\"16510\" class=\"elementor elementor-16510 elementor-13616\" data-elementor-post-type=\"page\">\n\t\t\t\t\t\t<section class=\"elementor-section elementor-top-section elementor-element elementor-element-c213533 elementor-section-boxed elementor-section-height-default elementor-section-height-default\" data-id=\"c213533\" data-element_type=\"section\" data-e-type=\"section\" data-settings=\"{&quot;background_background&quot;:&quot;classic&quot;}\">\n\t\t\t\t\t\t<div class=\"elementor-container elementor-column-gap-default\">\n\t\t\t\t\t<div class=\"elementor-column elementor-col-100 elementor-top-column elementor-element elementor-element-1d0ddf8\" data-id=\"1d0ddf8\" data-element_type=\"column\" data-e-type=\"column\">\n\t\t\t<div class=\"elementor-widget-wrap elementor-element-populated\">\n\t\t\t\t\t\t<div class=\"elementor-element elementor-element-97dc589 elementor-widget elementor-widget-heading\" data-id=\"97dc589\" data-element_type=\"widget\" data-e-type=\"widget\" data-widget_type=\"heading.default\">\n\t\t\t\t<div class=\"elementor-widget-container\">\n\t\t\t\t\t<h2 class=\"elementor-heading-title elementor-size-default\">Privacy Policy Boden Business Park<\/h2>\t\t\t\t<\/div>\n\t\t\t\t<\/div>\n\t\t\t\t<div class=\"elementor-element elementor-element-9a64642 elementor-widget elementor-widget-text-editor\" data-id=\"9a64642\" data-element_type=\"widget\" data-e-type=\"widget\" data-widget_type=\"text-editor.default\">\n\t\t\t\t<div class=\"elementor-widget-container\">\n\t\t\t\t\t\t\t\t\t<p>What personal data we collect<\/p>\n\t\t\t\t\t\t\t\t<\/div>\n\t\t\t\t<\/div>\n\t\t\t\t<div class=\"elementor-element elementor-element-cc43b98 elementor-widget elementor-widget-text-editor\" data-id=\"cc43b98\" data-element_type=\"widget\" data-e-type=\"widget\" data-widget_type=\"text-editor.default\">\n\t\t\t\t<div class=\"elementor-widget-container\">\n\t\t\t\t\t\t\t\t\t<p>We receive personal data mainly by e-mail and via forms in connection with registrations for events and gatherings, requests for interest in rental opportunities for premises and when ordering newsletters. Telephone number, email address, address and name are personal data that you may be asked to provide. The collection of cookies is something that we have on the website. Read more about cookies <a href=\"https:\/\/bodenbusinesspark.com\/en\/cookies\/\">here<\/a>.<\/p>\n\t\t\t\t\t\t\t\t<\/div>\n\t\t\t\t<\/div>\n\t\t\t\t<div class=\"elementor-element elementor-element-1a3b849 elementor-widget elementor-widget-text-editor\" data-id=\"1a3b849\" data-element_type=\"widget\" data-e-type=\"widget\" data-widget_type=\"text-editor.default\">\n\t\t\t\t<div class=\"elementor-widget-container\">\n\t\t\t\t\t\t\t\t\t<p>What do we use your personal data for?<\/p>\n\t\t\t\t\t\t\t\t<\/div>\n\t\t\t\t<\/div>\n\t\t\t\t<div class=\"elementor-element elementor-element-4be59f3 elementor-widget elementor-widget-text-editor\" data-id=\"4be59f3\" data-element_type=\"widget\" data-e-type=\"widget\" data-widget_type=\"text-editor.default\">\n\t\t\t\t<div class=\"elementor-widget-container\">\n\t\t\t\t\t\t\t\t\t<p>The data you provide to us is mainly used to answer questions and requests from you, to enable bookings, purchases and delivery of tickets. Personal data is used to identify you, deliver services, process payments,<\/p>\n<p>Data is also used to enable the administration of competitions, offer membership benefits, promotions, bookings, surveys and other types of marketing such as newsletters.<\/p>\n<p>Data may also be used to improve our website and enable a more positive, personalised and customised experience. And to enable targeted information and\/or offers.<\/p>\n\t\t\t\t\t\t\t\t<\/div>\n\t\t\t\t<\/div>\n\t\t\t\t<div class=\"elementor-element elementor-element-5164ec0 elementor-widget elementor-widget-text-editor\" data-id=\"5164ec0\" data-element_type=\"widget\" data-e-type=\"widget\" data-widget_type=\"text-editor.default\">\n\t\t\t\t<div class=\"elementor-widget-container\">\n\t\t\t\t\t\t\t\t\t<p>Do we disclose your information to outside parties?<\/p>\n\t\t\t\t\t\t\t\t<\/div>\n\t\t\t\t<\/div>\n\t\t\t\t<div class=\"elementor-element elementor-element-1a25ee0 elementor-widget elementor-widget-text-editor\" data-id=\"1a25ee0\" data-element_type=\"widget\" data-e-type=\"widget\" data-widget_type=\"text-editor.default\">\n\t\t\t\t<div class=\"elementor-widget-container\">\n\t\t\t\t\t\t\t\t\t<p>Boden Business Park does not transfer, exchange or sell your information to third parties collected through Boden Business Park unless it is necessary for the specific action you request. Trusted third parties who help run our website have access to certain personal data and have also signed data protection agreements with us about how your personal data will be protected.<\/p><p>If we consider it necessary for us to disclose your personal data in order to comply with the law, we may disclose personal information to public authorities, such as the Police or the Tax Agency.<\/p><p>Personal data that is not personally identifiable may be provided to other parties for marketing, advertising or other uses.<\/p>\t\t\t\t\t\t\t\t<\/div>\n\t\t\t\t<\/div>\n\t\t\t\t<div class=\"elementor-element elementor-element-24bbfcd elementor-widget elementor-widget-text-editor\" data-id=\"24bbfcd\" data-element_type=\"widget\" data-e-type=\"widget\" data-widget_type=\"text-editor.default\">\n\t\t\t\t<div class=\"elementor-widget-container\">\n\t\t\t\t\t\t\t\t\t<p>How we protect your information<\/p>\n\t\t\t\t\t\t\t\t<\/div>\n\t\t\t\t<\/div>\n\t\t\t\t<div class=\"elementor-element elementor-element-a6a6df3 elementor-widget elementor-widget-text-editor\" data-id=\"a6a6df3\" data-element_type=\"widget\" data-e-type=\"widget\" data-widget_type=\"text-editor.default\">\n\t\t\t\t<div class=\"elementor-widget-container\">\n\t\t\t\t\t\t\t\t\t<p>Every page on this website is protected via SSL technology using strong Crypto SSL certificates and highly protected web servers.<\/p>\n<p>To maintain security, a series of security measures are implemented when you submit personal information via the website. Specific procedures are in place to deal with this.<\/p>\n<p>The data you provide to us will be kept for the time deemed appropriate for the specific action. The starting point for all work concerning personal data is the deletion of personal information as soon as the information is not necessary for the performance of the requested task. Personal data that we process for the purpose of fulfilling contracts and legal obligations towards you, such as fulfilling warranty, complaint or withdrawal obligations, are processed for as long as necessary for us to administer the customer relationship and fulfil our obligations and legal obligations towards you<\/p>\n<p>You always have the right to request modification or deletion of your data. Contact us at <a href=\"mailto:info@bodenbusinesspark.se\">info@bodenbusinesspark.se<\/a> to make a request.<\/p>\n\t\t\t\t\t\t\t\t<\/div>\n\t\t\t\t<\/div>\n\t\t\t\t\t<\/div>\n\t\t<\/div>\n\t\t\t\t\t<\/div>\n\t\t<\/section>\n\t\t\t\t<\/div>\n\t\t","protected":false},"excerpt":{"rendered":"<p>Privacy Policy Boden Business Park What personal data we collect We receive personal data mainly by e-mail and via forms in connection with registrations for events and gatherings, requests for [&hellip;]<\/p>\n","protected":false},"author":21,"featured_media":29107,"parent":0,"menu_order":0,"comment_status":"closed","ping_status":"closed","template":"","meta":{"_tec_requires_first_save":true,"_editorskit_title_hidden":false,"_editorskit_reading_time":0,"_editorskit_is_block_options_detached":false,"_editorskit_block_options_position":"{}","_price":"","_stock":"","_tribe_ticket_header":"","_tribe_default_ticket_provider":"","_ticket_start_date":"","_ticket_end_date":"","_tribe_ticket_show_description":"","_tribe_ticket_show_not_going":false,"_tribe_ticket_use_global_stock":"","_tribe_ticket_global_stock_level":"","_global_stock_mode":"","_global_stock_cap":"","_tribe_rsvp_for_event":"","_tribe_ticket_going_count":"","_tribe_ticket_not_going_count":"","_tribe_tickets_list":"[]","_tribe_ticket_has_attendee_info_fields":false,"_EventAllDay":false,"_EventTimezone":"","_EventStartDate":"","_EventEndDate":"","_EventStartDateUTC":"","_EventEndDateUTC":"","_EventShowMap":false,"_EventShowMapLink":false,"_EventURL":"","_EventCost":"","_EventCostDescription":"","_EventCurrencySymbol":"","_EventCurrencyCode":"","_EventCurrencyPosition":"","_EventDateTimeSeparator":"","_EventTimeRangeSeparator":"","_EventOrganizerID":[],"_EventVenueID":[],"_OrganizerEmail":"","_OrganizerPhone":"","_OrganizerWebsite":"","_VenueAddress":"","_VenueCity":"","_VenueCountry":"","_VenueProvince":"","_VenueState":"","_VenueZip":"","_VenuePhone":"","_VenueURL":"","_VenueStateProvince":"","_VenueLat":"","_VenueLng":"","_VenueShowMap":false,"_VenueShowMapLink":false,"_tribe_blocks_recurrence_rules":"","_tribe_blocks_recurrence_description":"","_tribe_blocks_recurrence_exclusions":"","_ecp_custom_2":"","footnotes":"","_tec_slr_enabled":"","_tec_slr_layout":""},"class_list":["post-16510","page","type-page","status-publish","has-post-thumbnail","hentry"],"yoast_head":"<!-- This site is optimized with the Yoast SEO plugin v27.1.1 - https:\/\/yoast.com\/product\/yoast-seo-wordpress\/ -->\n<title>Privacy Policy - Boden Business Park<\/title>\n<meta name=\"robots\" content=\"index, follow, max-snippet:-1, max-image-preview:large, max-video-preview:-1\" \/>\n<link rel=\"canonical\" href=\"https:\/\/bodenbusinesspark.com\/integritetspolicy\/\" \/>\n<meta property=\"og:locale\" content=\"en_US\" \/>\n<meta property=\"og:type\" content=\"article\" \/>\n<meta property=\"og:title\" content=\"Privacy Policy - Boden Business Park\" \/>\n<meta property=\"og:description\" content=\"Privacy Policy Boden Business Park What personal data we collect We receive personal data mainly by e-mail and via forms in connection with registrations for events and gatherings, requests for [&hellip;]\" \/>\n<meta property=\"og:url\" content=\"https:\/\/bodenbusinesspark.com\/integritetspolicy\/\" \/>\n<meta property=\"og:site_name\" content=\"Boden Business Park\" \/>\n<meta property=\"article:publisher\" content=\"https:\/\/www.facebook.com\/bodenbusinesspark\" \/>\n<meta property=\"article:modified_time\" content=\"2025-03-10T07:52:32+00:00\" \/>\n<meta property=\"og:image\" content=\"https:\/\/bodenbusinesspark.com\/wp-content\/uploads\/2023\/01\/besoksnaringsdag.png\" \/>\n\t<meta property=\"og:image:width\" content=\"900\" \/>\n\t<meta property=\"og:image:height\" content=\"506\" \/>\n\t<meta property=\"og:image:type\" content=\"image\/png\" \/>\n<meta name=\"twitter:card\" content=\"summary_large_image\" \/>\n<meta name=\"twitter:label1\" content=\"Est. reading time\" \/>\n\t<meta name=\"twitter:data1\" content=\"2 minutes\" \/>\n<script type=\"application\/ld+json\" class=\"yoast-schema-graph\">{\"@context\":\"https:\/\/schema.org\",\"@graph\":[{\"@type\":\"WebPage\",\"@id\":\"https:\/\/bodenbusinesspark.com\/integritetspolicy\/\",\"url\":\"https:\/\/bodenbusinesspark.com\/integritetspolicy\/\",\"name\":\"Privacy Policy - Boden Business Park\",\"isPartOf\":{\"@id\":\"https:\/\/bodenbusinesspark.com\/#website\"},\"primaryImageOfPage\":{\"@id\":\"https:\/\/bodenbusinesspark.com\/integritetspolicy\/#primaryimage\"},\"image\":{\"@id\":\"https:\/\/bodenbusinesspark.com\/integritetspolicy\/#primaryimage\"},\"thumbnailUrl\":\"https:\/\/bodenbusinesspark.com\/wp-content\/uploads\/2023\/01\/besoksnaringsdag.png\",\"datePublished\":\"2022-10-11T09:47:03+00:00\",\"dateModified\":\"2025-03-10T07:52:32+00:00\",\"inLanguage\":\"en-US\",\"potentialAction\":[{\"@type\":\"ReadAction\",\"target\":[\"https:\/\/bodenbusinesspark.com\/integritetspolicy\/\"]}]},{\"@type\":\"ImageObject\",\"inLanguage\":\"en-US\",\"@id\":\"https:\/\/bodenbusinesspark.com\/integritetspolicy\/#primaryimage\",\"url\":\"https:\/\/bodenbusinesspark.com\/wp-content\/uploads\/2023\/01\/besoksnaringsdag.png\",\"contentUrl\":\"https:\/\/bodenbusinesspark.com\/wp-content\/uploads\/2023\/01\/besoksnaringsdag.png\",\"width\":900,\"height\":506,\"caption\":\"besoksnaringsdag\"},{\"@type\":\"WebSite\",\"@id\":\"https:\/\/bodenbusinesspark.com\/#website\",\"url\":\"https:\/\/bodenbusinesspark.com\/\",\"name\":\"Boden Business Park\",\"description\":\"Vi \u00e4r m\u00f6jligg\u00f6rare\",\"publisher\":{\"@id\":\"https:\/\/bodenbusinesspark.com\/#organization\"},\"potentialAction\":[{\"@type\":\"SearchAction\",\"target\":{\"@type\":\"EntryPoint\",\"urlTemplate\":\"https:\/\/bodenbusinesspark.com\/?s={search_term_string}\"},\"query-input\":{\"@type\":\"PropertyValueSpecification\",\"valueRequired\":true,\"valueName\":\"search_term_string\"}}],\"inLanguage\":\"en-US\"},{\"@type\":\"Organization\",\"@id\":\"https:\/\/bodenbusinesspark.com\/#organization\",\"name\":\"Boden Business Park\",\"url\":\"https:\/\/bodenbusinesspark.com\/\",\"logo\":{\"@type\":\"ImageObject\",\"inLanguage\":\"en-US\",\"@id\":\"https:\/\/bodenbusinesspark.com\/#\/schema\/logo\/image\/\",\"url\":\"https:\/\/bodenbusinesspark.com\/wp-content\/uploads\/2022\/10\/bbp.png\",\"contentUrl\":\"https:\/\/bodenbusinesspark.com\/wp-content\/uploads\/2022\/10\/bbp.png\",\"width\":354,\"height\":136,\"caption\":\"Boden Business Park\"},\"image\":{\"@id\":\"https:\/\/bodenbusinesspark.com\/#\/schema\/logo\/image\/\"},\"sameAs\":[\"https:\/\/www.facebook.com\/bodenbusinesspark\",\"https:\/\/www.linkedin.com\/company\/boden-business-park\/\"]}]}<\/script>\n<!-- \/ Yoast SEO plugin. -->","yoast_head_json":{"title":"Privacy Policy - Boden Business Park","robots":{"index":"index","follow":"follow","max-snippet":"max-snippet:-1","max-image-preview":"max-image-preview:large","max-video-preview":"max-video-preview:-1"},"canonical":"https:\/\/bodenbusinesspark.com\/integritetspolicy\/","og_locale":"en_US","og_type":"article","og_title":"Privacy Policy - Boden Business Park","og_description":"Privacy Policy Boden Business Park What personal data we collect We receive personal data mainly by e-mail and via forms in connection with registrations for events and gatherings, requests for [&hellip;]","og_url":"https:\/\/bodenbusinesspark.com\/integritetspolicy\/","og_site_name":"Boden Business Park","article_publisher":"https:\/\/www.facebook.com\/bodenbusinesspark","article_modified_time":"2025-03-10T07:52:32+00:00","og_image":[{"width":900,"height":506,"url":"https:\/\/bodenbusinesspark.com\/wp-content\/uploads\/2023\/01\/besoksnaringsdag.png","type":"image\/png"}],"twitter_card":"summary_large_image","twitter_misc":{"Est. reading time":"2 minutes"},"schema":{"@context":"https:\/\/schema.org","@graph":[{"@type":"WebPage","@id":"https:\/\/bodenbusinesspark.com\/integritetspolicy\/","url":"https:\/\/bodenbusinesspark.com\/integritetspolicy\/","name":"Privacy Policy - Boden Business Park","isPartOf":{"@id":"https:\/\/bodenbusinesspark.com\/#website"},"primaryImageOfPage":{"@id":"https:\/\/bodenbusinesspark.com\/integritetspolicy\/#primaryimage"},"image":{"@id":"https:\/\/bodenbusinesspark.com\/integritetspolicy\/#primaryimage"},"thumbnailUrl":"https:\/\/bodenbusinesspark.com\/wp-content\/uploads\/2023\/01\/besoksnaringsdag.png","datePublished":"2022-10-11T09:47:03+00:00","dateModified":"2025-03-10T07:52:32+00:00","inLanguage":"en-US","potentialAction":[{"@type":"ReadAction","target":["https:\/\/bodenbusinesspark.com\/integritetspolicy\/"]}]},{"@type":"ImageObject","inLanguage":"en-US","@id":"https:\/\/bodenbusinesspark.com\/integritetspolicy\/#primaryimage","url":"https:\/\/bodenbusinesspark.com\/wp-content\/uploads\/2023\/01\/besoksnaringsdag.png","contentUrl":"https:\/\/bodenbusinesspark.com\/wp-content\/uploads\/2023\/01\/besoksnaringsdag.png","width":900,"height":506,"caption":"besoksnaringsdag"},{"@type":"WebSite","@id":"https:\/\/bodenbusinesspark.com\/#website","url":"https:\/\/bodenbusinesspark.com\/","name":"Boden Business Park","description":"Vi \u00e4r m\u00f6jligg\u00f6rare","publisher":{"@id":"https:\/\/bodenbusinesspark.com\/#organization"},"potentialAction":[{"@type":"SearchAction","target":{"@type":"EntryPoint","urlTemplate":"https:\/\/bodenbusinesspark.com\/?s={search_term_string}"},"query-input":{"@type":"PropertyValueSpecification","valueRequired":true,"valueName":"search_term_string"}}],"inLanguage":"en-US"},{"@type":"Organization","@id":"https:\/\/bodenbusinesspark.com\/#organization","name":"Boden Business Park","url":"https:\/\/bodenbusinesspark.com\/","logo":{"@type":"ImageObject","inLanguage":"en-US","@id":"https:\/\/bodenbusinesspark.com\/#\/schema\/logo\/image\/","url":"https:\/\/bodenbusinesspark.com\/wp-content\/uploads\/2022\/10\/bbp.png","contentUrl":"https:\/\/bodenbusinesspark.com\/wp-content\/uploads\/2022\/10\/bbp.png","width":354,"height":136,"caption":"Boden Business Park"},"image":{"@id":"https:\/\/bodenbusinesspark.com\/#\/schema\/logo\/image\/"},"sameAs":["https:\/\/www.facebook.com\/bodenbusinesspark","https:\/\/www.linkedin.com\/company\/boden-business-park\/"]}]}},"ticketed":false,"_links":{"self":[{"href":"https:\/\/bodenbusinesspark.com\/en\/wp-json\/wp\/v2\/pages\/16510","targetHints":{"allow":["GET"]}}],"collection":[{"href":"https:\/\/bodenbusinesspark.com\/en\/wp-json\/wp\/v2\/pages"}],"about":[{"href":"https:\/\/bodenbusinesspark.com\/en\/wp-json\/wp\/v2\/types\/page"}],"author":[{"embeddable":true,"href":"https:\/\/bodenbusinesspark.com\/en\/wp-json\/wp\/v2\/users\/21"}],"replies":[{"embeddable":true,"href":"https:\/\/bodenbusinesspark.com\/en\/wp-json\/wp\/v2\/comments?post=16510"}],"version-history":[{"count":5,"href":"https:\/\/bodenbusinesspark.com\/en\/wp-json\/wp\/v2\/pages\/16510\/revisions"}],"predecessor-version":[{"id":42847,"href":"https:\/\/bodenbusinesspark.com\/en\/wp-json\/wp\/v2\/pages\/16510\/revisions\/42847"}],"wp:featuredmedia":[{"embeddable":true,"href":"https:\/\/bodenbusinesspark.com\/en\/wp-json\/wp\/v2\/media\/29107"}],"wp:attachment":[{"href":"https:\/\/bodenbusinesspark.com\/en\/wp-json\/wp\/v2\/media?parent=16510"}],"curies":[{"name":"wp","href":"https:\/\/api.w.org\/{rel}","templated":true}]}}