{"id":16423,"date":"2022-10-11T11:46:21","date_gmt":"2022-10-11T09:46:21","guid":{"rendered":"https:\/\/bodenbusinesspark.com\/about-boden-business-park\/accessibility-statement\/"},"modified":"2024-08-15T11:38:24","modified_gmt":"2024-08-15T09:38:24","slug":"accessibility-statement","status":"publish","type":"page","link":"https:\/\/bodenbusinesspark.com\/en\/about-boden-business-park\/accessibility-statement\/","title":{"rendered":"Accessibility statement"},"content":{"rendered":"\t\t<div data-elementor-type=\"wp-page\" data-elementor-id=\"16423\" class=\"elementor elementor-16423 elementor-13612\" data-elementor-post-type=\"page\">\n\t\t\t\t\t\t<section class=\"elementor-section elementor-top-section elementor-element elementor-element-65b83b0e elementor-section-boxed elementor-section-height-default elementor-section-height-default\" data-id=\"65b83b0e\" data-element_type=\"section\" data-e-type=\"section\" data-settings=\"{&quot;background_background&quot;:&quot;classic&quot;}\">\n\t\t\t\t\t\t<div class=\"elementor-container elementor-column-gap-default\">\n\t\t\t\t\t<div class=\"elementor-column elementor-col-100 elementor-top-column elementor-element elementor-element-478849e9\" data-id=\"478849e9\" data-element_type=\"column\" data-e-type=\"column\">\n\t\t\t<div class=\"elementor-widget-wrap elementor-element-populated\">\n\t\t\t\t\t\t<div class=\"elementor-element elementor-element-744beaf elementor-widget elementor-widget-heading\" data-id=\"744beaf\" data-element_type=\"widget\" data-e-type=\"widget\" data-widget_type=\"heading.default\">\n\t\t\t\t<div class=\"elementor-widget-container\">\n\t\t\t\t\t<h2 class=\"elementor-heading-title elementor-size-default\">Availability of bodenbusinesspark.com<\/h2>\t\t\t\t<\/div>\n\t\t\t\t<\/div>\n\t\t\t\t<div class=\"elementor-element elementor-element-8b0199e elementor-widget elementor-widget-text-editor\" data-id=\"8b0199e\" data-element_type=\"widget\" data-e-type=\"widget\" data-widget_type=\"text-editor.default\">\n\t\t\t\t<div class=\"elementor-widget-container\">\n\t\t\t\t\t\t\t\t\t<p>Boden Business Park is behind this website. We want as many people as possible to be able to use the site. The website should achieve accessibility by complying with WCAG 2.1 level A and AA. This document describes how bodenbusinesspark.com complies with the Digital Public Service Accessibility Act, any known accessibility issues and how you can report any issues to us so that we can fix them.<\/p>\n\t\t\t\t\t\t\t\t<\/div>\n\t\t\t\t<\/div>\n\t\t\t\t<div class=\"elementor-element elementor-element-4877102 elementor-widget elementor-widget-heading\" data-id=\"4877102\" data-element_type=\"widget\" data-e-type=\"widget\" data-widget_type=\"heading.default\">\n\t\t\t\t<div class=\"elementor-widget-container\">\n\t\t\t\t\t<h2 class=\"elementor-heading-title elementor-size-default\">How accessible is the website?<\/h2>\t\t\t\t<\/div>\n\t\t\t\t<\/div>\n\t\t\t\t<div class=\"elementor-element elementor-element-186400b2 elementor-widget elementor-widget-text-editor\" data-id=\"186400b2\" data-element_type=\"widget\" data-e-type=\"widget\" data-widget_type=\"text-editor.default\">\n\t\t\t\t<div class=\"elementor-widget-container\">\n\t\t\t\t\t\t\t\t\t<p>When customising the site, we prioritise the elements that we think will have the most impact on visitors. We are aware that parts of the website are not fully accessible. See the section on unavailable content below for more information. The correction of some deficiencies has been postponed as planned development of the website will resolve the problems in due course. These problems are not of such a nature that we consider them to have a serious negative impact on the functioning or use of the site by visitors. We are continuously working on improving the website both in terms of technical development and editorial work.<\/p>\n\t\t\t\t\t\t\t\t<\/div>\n\t\t\t\t<\/div>\n\t\t\t\t<div class=\"elementor-element elementor-element-b82e7e1 elementor-widget elementor-widget-heading\" data-id=\"b82e7e1\" data-element_type=\"widget\" data-e-type=\"widget\" data-widget_type=\"heading.default\">\n\t\t\t\t<div class=\"elementor-widget-container\">\n\t\t\t\t\t<h2 class=\"elementor-heading-title elementor-size-default\">What can you do if you can't use parts of the website?<\/h2>\t\t\t\t<\/div>\n\t\t\t\t<\/div>\n\t\t\t\t<div class=\"elementor-element elementor-element-43990cbf elementor-widget elementor-widget-text-editor\" data-id=\"43990cbf\" data-element_type=\"widget\" data-e-type=\"widget\" data-widget_type=\"text-editor.default\">\n\t\t\t\t<div class=\"elementor-widget-container\">\n\t\t\t\t\t\t\t\t\t<p>If you need content from bodenbusinesspark.com that is not available to you, but is exempt from the scope of the law as described below, you can notify us by emailing <a href=\"mailto:info@bodenbusinesspark.se\">info@bodenbusinesspark.se.<\/a> The response time is normally one working day.<\/p>\n\t\t\t\t\t\t\t\t<\/div>\n\t\t\t\t<\/div>\n\t\t\t\t<div class=\"elementor-element elementor-element-b419383 elementor-widget elementor-widget-heading\" data-id=\"b419383\" data-element_type=\"widget\" data-e-type=\"widget\" data-widget_type=\"heading.default\">\n\t\t\t\t<div class=\"elementor-widget-container\">\n\t\t\t\t\t<h2 class=\"elementor-heading-title elementor-size-default\">Report shortcomings in website accessibility<\/h2>\t\t\t\t<\/div>\n\t\t\t\t<\/div>\n\t\t\t\t<div class=\"elementor-element elementor-element-76684e1f elementor-widget elementor-widget-text-editor\" data-id=\"76684e1f\" data-element_type=\"widget\" data-e-type=\"widget\" data-widget_type=\"text-editor.default\">\n\t\t\t\t<div class=\"elementor-widget-container\">\n\t\t\t\t\t\t\t\t\t<p>We are constantly striving to improve the accessibility of our website. If you discover any problems not described on this page, or if you believe that we are not complying with the law, please let us know so that we can be made aware of the problem.  <\/p>\n\t\t\t\t\t\t\t\t<\/div>\n\t\t\t\t<\/div>\n\t\t\t\t<div class=\"elementor-element elementor-element-5865e3d elementor-widget elementor-widget-heading\" data-id=\"5865e3d\" data-element_type=\"widget\" data-e-type=\"widget\" data-widget_type=\"heading.default\">\n\t\t\t\t<div class=\"elementor-widget-container\">\n\t\t\t\t\t<h2 class=\"elementor-heading-title elementor-size-default\">Supervision<\/h2>\t\t\t\t<\/div>\n\t\t\t\t<\/div>\n\t\t\t\t<div class=\"elementor-element elementor-element-94fface elementor-widget elementor-widget-text-editor\" data-id=\"94fface\" data-element_type=\"widget\" data-e-type=\"widget\" data-widget_type=\"text-editor.default\">\n\t\t\t\t<div class=\"elementor-widget-container\">\n\t\t\t\t\t\t\t\t\t<p>The Agency for Digital Governance is responsible for the enforcement of the Act on Accessibility to Digital Public Services. If you are not satisfied with the way we handle your web accessibility complaint or your request for content to be made available, you can <a href=\"https:\/\/www.digg.se\/tdosanmalan\">notify the Agency for Digital Governance<\/a> and make a complaint.<\/p>\n\t\t\t\t\t\t\t\t<\/div>\n\t\t\t\t<\/div>\n\t\t\t\t<div class=\"elementor-element elementor-element-1eaaa25 elementor-widget elementor-widget-heading\" data-id=\"1eaaa25\" data-element_type=\"widget\" data-e-type=\"widget\" data-widget_type=\"heading.default\">\n\t\t\t\t<div class=\"elementor-widget-container\">\n\t\t\t\t\t<h2 class=\"elementor-heading-title elementor-size-default\">Technical information on website accessibility<\/h2>\t\t\t\t<\/div>\n\t\t\t\t<\/div>\n\t\t\t\t<div class=\"elementor-element elementor-element-085748e elementor-widget elementor-widget-text-editor\" data-id=\"085748e\" data-element_type=\"widget\" data-e-type=\"widget\" data-widget_type=\"text-editor.default\">\n\t\t\t\t<div class=\"elementor-widget-container\">\n\t\t\t\t\t\t\t\t\t<p>This website is partially compliant with the Accessibility to Digital Public Services Act, due to the shortcomings described below.<\/p>\n\t\t\t\t\t\t\t\t<\/div>\n\t\t\t\t<\/div>\n\t\t\t\t<div class=\"elementor-element elementor-element-04ef3a2 elementor-widget elementor-widget-heading\" data-id=\"04ef3a2\" data-element_type=\"widget\" data-e-type=\"widget\" data-widget_type=\"heading.default\">\n\t\t\t\t<div class=\"elementor-widget-container\">\n\t\t\t\t\t<h2 class=\"elementor-heading-title elementor-size-default\">Content that is not available<\/h2>\t\t\t\t<\/div>\n\t\t\t\t<\/div>\n\t\t\t\t<div class=\"elementor-element elementor-element-3278bda elementor-widget elementor-widget-text-editor\" data-id=\"3278bda\" data-element_type=\"widget\" data-e-type=\"widget\" data-widget_type=\"text-editor.default\">\n\t\t\t\t<div class=\"elementor-widget-container\">\n\t\t\t\t\t\t\t\t\t<p>Lack of compliance with legal requirements:<\/p>\n<ul>\n<li>The 3 image boxes of the home page &amp; event images are missing alt text as the feature is not available in Elementor.  <\/li>\n<li>The functionality of Press &amp; Media is developed by third parties and loaded via iframe and we have no control over its availability. The availability of the function is not assessed.<\/li>\n<li>The icon for the search function in the header is missing alt text due to inaccessible function.<\/li>\n<li>The search paths \/park\/gym, \/park\/restaurant, have link text that does not describe the target address.<\/li>\n<li>The events on the home page and \/calendar lack clear headings as the event calender pro add-on lacks proper tracking of titles in its function.  <\/li>\n<\/ul>\n<p>We intend to address and influence the above shortcomings and are continuously working to maintain and improve the availability of the website.<\/p>\n\t\t\t\t\t\t\t\t<\/div>\n\t\t\t\t<\/div>\n\t\t\t\t<div class=\"elementor-element elementor-element-e08f41b elementor-widget elementor-widget-heading\" data-id=\"e08f41b\" data-element_type=\"widget\" data-e-type=\"widget\" data-widget_type=\"heading.default\">\n\t\t\t\t<div class=\"elementor-widget-container\">\n\t\t\t\t\t<h2 class=\"elementor-heading-title elementor-size-default\">How we tested the website<\/h2>\t\t\t\t<\/div>\n\t\t\t\t<\/div>\n\t\t\t\t<div class=\"elementor-element elementor-element-966af62 elementor-widget elementor-widget-text-editor\" data-id=\"966af62\" data-element_type=\"widget\" data-e-type=\"widget\" data-widget_type=\"text-editor.default\">\n\t\t\t\t<div class=\"elementor-widget-container\">\n\t\t\t\t\t\t\t\t\t<p>We regularly review availability both by manual review and through automated tools. This is done by ourselves, with the support of external expertise.<\/p>\n<\/p>\n<p>The last assessment was made on December 2, 2022.<\/p>\n<p>The website was published on December 2, 2022.  <\/p>\n<p>The statement was last updated on December 2, 2022.<\/p>\n\t\t\t\t\t\t\t\t<\/div>\n\t\t\t\t<\/div>\n\t\t\t\t\t<\/div>\n\t\t<\/div>\n\t\t\t\t\t<\/div>\n\t\t<\/section>\n\t\t\t\t<section class=\"elementor-section elementor-top-section elementor-element elementor-element-0d20c79 elementor-section-boxed elementor-section-height-default elementor-section-height-default\" data-id=\"0d20c79\" data-element_type=\"section\" data-e-type=\"section\">\n\t\t\t\t\t\t<div class=\"elementor-container elementor-column-gap-default\">\n\t\t\t\t\t<div class=\"elementor-column elementor-col-100 elementor-top-column elementor-element elementor-element-35681ba\" data-id=\"35681ba\" data-element_type=\"column\" data-e-type=\"column\">\n\t\t\t<div class=\"elementor-widget-wrap\">\n\t\t\t\t\t\t\t<\/div>\n\t\t<\/div>\n\t\t\t\t\t<\/div>\n\t\t<\/section>\n\t\t\t\t<\/div>\n\t\t","protected":false},"excerpt":{"rendered":"<p>Availability of bodenbusinesspark.com Boden Business Park is behind this website. We want as many people as possible to be able to use the site. The website should achieve accessibility by [&hellip;]<\/p>\n","protected":false},"author":21,"featured_media":0,"parent":16421,"menu_order":0,"comment_status":"closed","ping_status":"closed","template":"","meta":{"_tec_requires_first_save":true,"_editorskit_title_hidden":false,"_editorskit_reading_time":0,"_editorskit_is_block_options_detached":false,"_editorskit_block_options_position":"{}","_price":"","_stock":"","_tribe_ticket_header":"","_tribe_default_ticket_provider":"","_ticket_start_date":"","_ticket_end_date":"","_tribe_ticket_show_description":"","_tribe_ticket_show_not_going":false,"_tribe_ticket_use_global_stock":"","_tribe_ticket_global_stock_level":"","_global_stock_mode":"","_global_stock_cap":"","_tribe_rsvp_for_event":"","_tribe_ticket_going_count":"","_tribe_ticket_not_going_count":"","_tribe_tickets_list":"[]","_tribe_ticket_has_attendee_info_fields":false,"_EventAllDay":false,"_EventTimezone":"","_EventStartDate":"","_EventEndDate":"","_EventStartDateUTC":"","_EventEndDateUTC":"","_EventShowMap":false,"_EventShowMapLink":false,"_EventURL":"","_EventCost":"","_EventCostDescription":"","_EventCurrencySymbol":"","_EventCurrencyCode":"","_EventCurrencyPosition":"","_EventDateTimeSeparator":"","_EventTimeRangeSeparator":"","_EventOrganizerID":[],"_EventVenueID":[],"_OrganizerEmail":"","_OrganizerPhone":"","_OrganizerWebsite":"","_VenueAddress":"","_VenueCity":"","_VenueCountry":"","_VenueProvince":"","_VenueState":"","_VenueZip":"","_VenuePhone":"","_VenueURL":"","_VenueStateProvince":"","_VenueLat":"","_VenueLng":"","_VenueShowMap":false,"_VenueShowMapLink":false,"_tribe_blocks_recurrence_rules":"","_tribe_blocks_recurrence_description":"","_tribe_blocks_recurrence_exclusions":"","_ecp_custom_2":"","footnotes":"","_tec_slr_enabled":"","_tec_slr_layout":""},"class_list":["post-16423","page","type-page","status-publish","hentry"],"yoast_head":"<!-- This site is optimized with the Yoast SEO plugin v27.1.1 - https:\/\/yoast.com\/product\/yoast-seo-wordpress\/ -->\n<title>Accessibility statement - Boden Business Park<\/title>\n<meta name=\"robots\" content=\"index, follow, max-snippet:-1, max-image-preview:large, max-video-preview:-1\" \/>\n<link rel=\"canonical\" href=\"https:\/\/bodenbusinesspark.com\/en\/about-boden-business-park\/accessibility-statement\/\" \/>\n<meta property=\"og:locale\" content=\"en_US\" \/>\n<meta property=\"og:type\" content=\"article\" \/>\n<meta property=\"og:title\" content=\"Accessibility statement - Boden Business Park\" \/>\n<meta property=\"og:description\" content=\"Availability of bodenbusinesspark.com Boden Business Park is behind this website. We want as many people as possible to be able to use the site. The website should achieve accessibility by [&hellip;]\" \/>\n<meta property=\"og:url\" content=\"https:\/\/bodenbusinesspark.com\/en\/about-boden-business-park\/accessibility-statement\/\" \/>\n<meta property=\"og:site_name\" content=\"Boden Business Park\" \/>\n<meta property=\"article:publisher\" content=\"https:\/\/www.facebook.com\/bodenbusinesspark\" \/>\n<meta property=\"article:modified_time\" content=\"2024-08-15T09:38:24+00:00\" \/>\n<meta property=\"og:image\" content=\"https:\/\/bodenbusinesspark.com\/wp-content\/uploads\/2022\/11\/hyr-lokal.webp\" \/>\n\t<meta property=\"og:image:width\" content=\"1200\" \/>\n\t<meta property=\"og:image:height\" content=\"800\" \/>\n\t<meta property=\"og:image:type\" content=\"image\/webp\" \/>\n<meta name=\"twitter:card\" content=\"summary_large_image\" \/>\n<meta name=\"twitter:label1\" content=\"Est. reading time\" \/>\n\t<meta name=\"twitter:data1\" content=\"3 minutes\" \/>\n<script type=\"application\/ld+json\" class=\"yoast-schema-graph\">{\"@context\":\"https:\/\/schema.org\",\"@graph\":[{\"@type\":\"WebPage\",\"@id\":\"https:\/\/bodenbusinesspark.com\/en\/about-boden-business-park\/accessibility-statement\/\",\"url\":\"https:\/\/bodenbusinesspark.com\/en\/about-boden-business-park\/accessibility-statement\/\",\"name\":\"Accessibility statement - Boden Business Park\",\"isPartOf\":{\"@id\":\"https:\/\/bodenbusinesspark.com\/#website\"},\"datePublished\":\"2022-10-11T09:46:21+00:00\",\"dateModified\":\"2024-08-15T09:38:24+00:00\",\"breadcrumb\":{\"@id\":\"https:\/\/bodenbusinesspark.com\/en\/about-boden-business-park\/accessibility-statement\/#breadcrumb\"},\"inLanguage\":\"en-US\",\"potentialAction\":[{\"@type\":\"ReadAction\",\"target\":[\"https:\/\/bodenbusinesspark.com\/en\/about-boden-business-park\/accessibility-statement\/\"]}]},{\"@type\":\"BreadcrumbList\",\"@id\":\"https:\/\/bodenbusinesspark.com\/en\/about-boden-business-park\/accessibility-statement\/#breadcrumb\",\"itemListElement\":[{\"@type\":\"ListItem\",\"position\":1,\"name\":\"The Park\",\"item\":\"https:\/\/bodenbusinesspark.com\/parken\/\"},{\"@type\":\"ListItem\",\"position\":2,\"name\":\"Accessibility statement\"}]},{\"@type\":\"WebSite\",\"@id\":\"https:\/\/bodenbusinesspark.com\/#website\",\"url\":\"https:\/\/bodenbusinesspark.com\/\",\"name\":\"Boden Business Park\",\"description\":\"Vi \u00e4r m\u00f6jligg\u00f6rare\",\"publisher\":{\"@id\":\"https:\/\/bodenbusinesspark.com\/#organization\"},\"potentialAction\":[{\"@type\":\"SearchAction\",\"target\":{\"@type\":\"EntryPoint\",\"urlTemplate\":\"https:\/\/bodenbusinesspark.com\/?s={search_term_string}\"},\"query-input\":{\"@type\":\"PropertyValueSpecification\",\"valueRequired\":true,\"valueName\":\"search_term_string\"}}],\"inLanguage\":\"en-US\"},{\"@type\":\"Organization\",\"@id\":\"https:\/\/bodenbusinesspark.com\/#organization\",\"name\":\"Boden Business Park\",\"url\":\"https:\/\/bodenbusinesspark.com\/\",\"logo\":{\"@type\":\"ImageObject\",\"inLanguage\":\"en-US\",\"@id\":\"https:\/\/bodenbusinesspark.com\/#\/schema\/logo\/image\/\",\"url\":\"https:\/\/bodenbusinesspark.com\/wp-content\/uploads\/2022\/10\/bbp.png\",\"contentUrl\":\"https:\/\/bodenbusinesspark.com\/wp-content\/uploads\/2022\/10\/bbp.png\",\"width\":354,\"height\":136,\"caption\":\"Boden Business Park\"},\"image\":{\"@id\":\"https:\/\/bodenbusinesspark.com\/#\/schema\/logo\/image\/\"},\"sameAs\":[\"https:\/\/www.facebook.com\/bodenbusinesspark\",\"https:\/\/www.linkedin.com\/company\/boden-business-park\/\"]}]}<\/script>\n<!-- \/ Yoast SEO plugin. -->","yoast_head_json":{"title":"Accessibility statement - Boden Business Park","robots":{"index":"index","follow":"follow","max-snippet":"max-snippet:-1","max-image-preview":"max-image-preview:large","max-video-preview":"max-video-preview:-1"},"canonical":"https:\/\/bodenbusinesspark.com\/en\/about-boden-business-park\/accessibility-statement\/","og_locale":"en_US","og_type":"article","og_title":"Accessibility statement - Boden Business Park","og_description":"Availability of bodenbusinesspark.com Boden Business Park is behind this website. We want as many people as possible to be able to use the site. The website should achieve accessibility by [&hellip;]","og_url":"https:\/\/bodenbusinesspark.com\/en\/about-boden-business-park\/accessibility-statement\/","og_site_name":"Boden Business Park","article_publisher":"https:\/\/www.facebook.com\/bodenbusinesspark","article_modified_time":"2024-08-15T09:38:24+00:00","og_image":[{"width":1200,"height":800,"url":"https:\/\/bodenbusinesspark.com\/wp-content\/uploads\/2022\/11\/hyr-lokal.webp","type":"image\/webp"}],"twitter_card":"summary_large_image","twitter_misc":{"Est. reading time":"3 minutes"},"schema":{"@context":"https:\/\/schema.org","@graph":[{"@type":"WebPage","@id":"https:\/\/bodenbusinesspark.com\/en\/about-boden-business-park\/accessibility-statement\/","url":"https:\/\/bodenbusinesspark.com\/en\/about-boden-business-park\/accessibility-statement\/","name":"Accessibility statement - Boden Business Park","isPartOf":{"@id":"https:\/\/bodenbusinesspark.com\/#website"},"datePublished":"2022-10-11T09:46:21+00:00","dateModified":"2024-08-15T09:38:24+00:00","breadcrumb":{"@id":"https:\/\/bodenbusinesspark.com\/en\/about-boden-business-park\/accessibility-statement\/#breadcrumb"},"inLanguage":"en-US","potentialAction":[{"@type":"ReadAction","target":["https:\/\/bodenbusinesspark.com\/en\/about-boden-business-park\/accessibility-statement\/"]}]},{"@type":"BreadcrumbList","@id":"https:\/\/bodenbusinesspark.com\/en\/about-boden-business-park\/accessibility-statement\/#breadcrumb","itemListElement":[{"@type":"ListItem","position":1,"name":"The Park","item":"https:\/\/bodenbusinesspark.com\/parken\/"},{"@type":"ListItem","position":2,"name":"Accessibility statement"}]},{"@type":"WebSite","@id":"https:\/\/bodenbusinesspark.com\/#website","url":"https:\/\/bodenbusinesspark.com\/","name":"Boden Business Park","description":"Vi \u00e4r m\u00f6jligg\u00f6rare","publisher":{"@id":"https:\/\/bodenbusinesspark.com\/#organization"},"potentialAction":[{"@type":"SearchAction","target":{"@type":"EntryPoint","urlTemplate":"https:\/\/bodenbusinesspark.com\/?s={search_term_string}"},"query-input":{"@type":"PropertyValueSpecification","valueRequired":true,"valueName":"search_term_string"}}],"inLanguage":"en-US"},{"@type":"Organization","@id":"https:\/\/bodenbusinesspark.com\/#organization","name":"Boden Business Park","url":"https:\/\/bodenbusinesspark.com\/","logo":{"@type":"ImageObject","inLanguage":"en-US","@id":"https:\/\/bodenbusinesspark.com\/#\/schema\/logo\/image\/","url":"https:\/\/bodenbusinesspark.com\/wp-content\/uploads\/2022\/10\/bbp.png","contentUrl":"https:\/\/bodenbusinesspark.com\/wp-content\/uploads\/2022\/10\/bbp.png","width":354,"height":136,"caption":"Boden Business Park"},"image":{"@id":"https:\/\/bodenbusinesspark.com\/#\/schema\/logo\/image\/"},"sameAs":["https:\/\/www.facebook.com\/bodenbusinesspark","https:\/\/www.linkedin.com\/company\/boden-business-park\/"]}]}},"ticketed":false,"_links":{"self":[{"href":"https:\/\/bodenbusinesspark.com\/en\/wp-json\/wp\/v2\/pages\/16423","targetHints":{"allow":["GET"]}}],"collection":[{"href":"https:\/\/bodenbusinesspark.com\/en\/wp-json\/wp\/v2\/pages"}],"about":[{"href":"https:\/\/bodenbusinesspark.com\/en\/wp-json\/wp\/v2\/types\/page"}],"author":[{"embeddable":true,"href":"https:\/\/bodenbusinesspark.com\/en\/wp-json\/wp\/v2\/users\/21"}],"replies":[{"embeddable":true,"href":"https:\/\/bodenbusinesspark.com\/en\/wp-json\/wp\/v2\/comments?post=16423"}],"version-history":[{"count":2,"href":"https:\/\/bodenbusinesspark.com\/en\/wp-json\/wp\/v2\/pages\/16423\/revisions"}],"predecessor-version":[{"id":39714,"href":"https:\/\/bodenbusinesspark.com\/en\/wp-json\/wp\/v2\/pages\/16423\/revisions\/39714"}],"up":[{"embeddable":true,"href":"https:\/\/bodenbusinesspark.com\/en\/wp-json\/wp\/v2\/pages\/16421"}],"wp:attachment":[{"href":"https:\/\/bodenbusinesspark.com\/en\/wp-json\/wp\/v2\/media?parent=16423"}],"curies":[{"name":"wp","href":"https:\/\/api.w.org\/{rel}","templated":true}]}}